{"id":10568,"date":"2025-05-07T15:49:08","date_gmt":"2025-05-07T13:49:08","guid":{"rendered":"https:\/\/educational.lalucerna.it\/shop\/prodotto\/54-2137\/"},"modified":"2026-05-02T16:48:33","modified_gmt":"2026-05-02T14:48:33","slug":"54-2137","status":"publish","type":"product","link":"https:\/\/educational.lalucerna.it\/shop\/prodotto\/54-2137\/","title":{"rendered":"Tombola sonora dei rumori della citt\u00e0"},"content":{"rendered":"<p><span data-sheets-root=\"1\">Gioco del lotto per associare delle <strong>immagini di azioni o di oggetti a determinati tipi di suono caratteristici della citt\u00e0<\/strong>.<br \/>\nObiettivi didattici: stimola l&#8217;<strong>espressione verbale<\/strong>; incoraggia il <strong>gioco di gruppo<\/strong>; stimola la <strong>sensibilit\u00e0 uditiva<\/strong>; favorisce le <strong>capacit\u00e0 di astrazione<\/strong> e<strong> associazione logica<\/strong>.<br \/>\nContenuto: 25 tessere di cartoncino &#8211; 150 fiches di plastica &#8211; valigetta &#8211; Cd rom con file audio Mp3<\/span><\/p>\n","protected":false},"excerpt":{"rendered":"<p>Gioco del lotto per associare delle immagini di azioni o di oggetti a determinati tipi di suono caratteristici della citt\u00e0. Obiettivi didattici: stimola l&#8217;espressione verbale; incoraggia il gioco di gruppo; stimola la sensibilit\u00e0 uditiva; favorisce le capacit\u00e0 di astrazione e associazione logica. Contenuto: 25 tessere di cartoncino &#8211; 150 fiches di plastica &#8211; valigetta &#8211; [&hellip;]<\/p>\n","protected":false},"featured_media":11918,"template":"","meta":{"_acf_changed":false},"product_brand":[],"product_cat":[229,277,15,238],"product_tag":[],"class_list":{"0":"post-10568","1":"product","2":"type-product","3":"status-publish","4":"has-post-thumbnail","6":"product_cat-didattica-ludica","7":"product_cat-sensorialita","8":"product_cat-strumenti-didattici","9":"product_cat-visuo-spaziale","10":"simple","11":"strumenti-didattici","12":"didattica-ludica","13":"sensorialita","14":"visuo-spaziale","16":"first","17":"instock","18":"purchasable","19":"product-type-simple"},"acf":[],"yoast_head":"<!-- This site is optimized with the Yoast SEO Premium plugin v25.9 (Yoast SEO v27.5) - https:\/\/yoast.com\/product\/yoast-seo-premium-wordpress\/ -->\n<title>Tombola sonora dei rumori della citt\u00e0 - La Lucerna<\/title>\n<meta name=\"robots\" content=\"index, follow, max-snippet:-1, max-image-preview:large, max-video-preview:-1\" \/>\n<link rel=\"canonical\" href=\"https:\/\/educational.lalucerna.it\/shop\/prodotto\/54-2137\/\" \/>\n<meta property=\"og:locale\" content=\"it_IT\" \/>\n<meta property=\"og:type\" content=\"article\" \/>\n<meta property=\"og:title\" content=\"Tombola sonora dei rumori della citt\u00e0\" \/>\n<meta property=\"og:description\" content=\"Gioco del lotto per associare delle immagini di azioni o di oggetti a determinati tipi di suono caratteristici della citt\u00e0. Obiettivi didattici: stimola l&#8217;espressione verbale; incoraggia il gioco di gruppo; stimola la sensibilit\u00e0 uditiva; favorisce le capacit\u00e0 di astrazione e associazione logica. Contenuto: 25 tessere di cartoncino &#8211; 150 fiches di plastica &#8211; valigetta &#8211; [&hellip;]\" \/>\n<meta property=\"og:url\" content=\"https:\/\/educational.lalucerna.it\/shop\/prodotto\/54-2137\/\" \/>\n<meta property=\"og:site_name\" content=\"La Lucerna\" \/>\n<meta property=\"article:publisher\" content=\"https:\/\/www.facebook.com\/educational.lalucerna\" \/>\n<meta property=\"article:modified_time\" content=\"2026-05-02T14:48:33+00:00\" \/>\n<meta property=\"og:image\" content=\"https:\/\/educational.lalucerna.it\/shop\/wp-content\/uploads\/2025\/05\/54-2137.jpg\" \/>\n\t<meta property=\"og:image:width\" content=\"1100\" \/>\n\t<meta property=\"og:image:height\" content=\"1422\" \/>\n\t<meta property=\"og:image:type\" content=\"image\/jpeg\" \/>\n<meta name=\"twitter:card\" content=\"summary_large_image\" \/>\n<meta name=\"twitter:label1\" content=\"Prezzo\" \/>\n\t<meta name=\"twitter:data1\" content=\"36,50&nbsp;&euro;\" \/>\n\t<meta name=\"twitter:label2\" content=\"Disponibilit\u00e0\" \/>\n\t<meta name=\"twitter:data2\" content=\"In stock\" \/>\n<script type=\"application\/ld+json\" class=\"yoast-schema-graph\">{\"@context\":\"https:\\\/\\\/schema.org\",\"@graph\":[{\"@type\":\"WebPage\",\"@id\":\"https:\\\/\\\/educational.lalucerna.it\\\/shop\\\/prodotto\\\/54-2137\\\/\",\"url\":\"https:\\\/\\\/educational.lalucerna.it\\\/shop\\\/prodotto\\\/54-2137\\\/\",\"name\":\"Tombola sonora dei rumori della citt\u00e0 - La Lucerna\",\"isPartOf\":{\"@id\":\"https:\\\/\\\/educational.lalucerna.it\\\/shop\\\/#website\"},\"primaryImageOfPage\":{\"@id\":\"https:\\\/\\\/educational.lalucerna.it\\\/shop\\\/prodotto\\\/54-2137\\\/#primaryimage\"},\"image\":{\"@id\":\"https:\\\/\\\/educational.lalucerna.it\\\/shop\\\/prodotto\\\/54-2137\\\/#primaryimage\"},\"thumbnailUrl\":\"https:\\\/\\\/i0.wp.com\\\/educational.lalucerna.it\\\/shop\\\/wp-content\\\/uploads\\\/2025\\\/05\\\/54-2137.jpg?fit=1100%2C1422&ssl=1\",\"datePublished\":\"2025-05-07T13:49:08+00:00\",\"dateModified\":\"2026-05-02T14:48:33+00:00\",\"breadcrumb\":{\"@id\":\"https:\\\/\\\/educational.lalucerna.it\\\/shop\\\/prodotto\\\/54-2137\\\/#breadcrumb\"},\"inLanguage\":\"it-IT\",\"potentialAction\":[{\"@type\":\"ReadAction\",\"target\":[\"https:\\\/\\\/educational.lalucerna.it\\\/shop\\\/prodotto\\\/54-2137\\\/\"]}]},{\"@type\":\"ImageObject\",\"inLanguage\":\"it-IT\",\"@id\":\"https:\\\/\\\/educational.lalucerna.it\\\/shop\\\/prodotto\\\/54-2137\\\/#primaryimage\",\"url\":\"https:\\\/\\\/i0.wp.com\\\/educational.lalucerna.it\\\/shop\\\/wp-content\\\/uploads\\\/2025\\\/05\\\/54-2137.jpg?fit=1100%2C1422&ssl=1\",\"contentUrl\":\"https:\\\/\\\/i0.wp.com\\\/educational.lalucerna.it\\\/shop\\\/wp-content\\\/uploads\\\/2025\\\/05\\\/54-2137.jpg?fit=1100%2C1422&ssl=1\",\"width\":1100,\"height\":1422,\"caption\":\"54 2137\"},{\"@type\":\"BreadcrumbList\",\"@id\":\"https:\\\/\\\/educational.lalucerna.it\\\/shop\\\/prodotto\\\/54-2137\\\/#breadcrumb\",\"itemListElement\":[{\"@type\":\"ListItem\",\"position\":1,\"name\":\"Home\",\"item\":\"https:\\\/\\\/educational.lalucerna.it\\\/shop\"},{\"@type\":\"ListItem\",\"position\":2,\"name\":\"Prodotti\",\"item\":\"https:\\\/\\\/educational.lalucerna.it\\\/shop\\\/shop\\\/\"},{\"@type\":\"ListItem\",\"position\":3,\"name\":\"Tombola sonora dei rumori della citt\u00e0\"}]},{\"@type\":\"WebSite\",\"@id\":\"https:\\\/\\\/educational.lalucerna.it\\\/shop\\\/#website\",\"url\":\"https:\\\/\\\/educational.lalucerna.it\\\/shop\\\/\",\"name\":\"La Lucerna Educational\",\"description\":\"Educational eShop\",\"publisher\":{\"@id\":\"https:\\\/\\\/educational.lalucerna.it\\\/shop\\\/#organization\"},\"potentialAction\":[{\"@type\":\"SearchAction\",\"target\":{\"@type\":\"EntryPoint\",\"urlTemplate\":\"https:\\\/\\\/educational.lalucerna.it\\\/shop\\\/?s={search_term_string}\"},\"query-input\":{\"@type\":\"PropertyValueSpecification\",\"valueRequired\":true,\"valueName\":\"search_term_string\"}}],\"inLanguage\":\"it-IT\"},{\"@type\":\"Organization\",\"@id\":\"https:\\\/\\\/educational.lalucerna.it\\\/shop\\\/#organization\",\"name\":\"La Lucerna S.r.l.\",\"url\":\"https:\\\/\\\/educational.lalucerna.it\\\/shop\\\/\",\"logo\":{\"@type\":\"ImageObject\",\"inLanguage\":\"it-IT\",\"@id\":\"https:\\\/\\\/educational.lalucerna.it\\\/shop\\\/#\\\/schema\\\/logo\\\/image\\\/\",\"url\":\"https:\\\/\\\/educational.lalucerna.it\\\/shop\\\/wp-content\\\/uploads\\\/2025\\\/02\\\/lucerna-edu.png\",\"contentUrl\":\"https:\\\/\\\/educational.lalucerna.it\\\/shop\\\/wp-content\\\/uploads\\\/2025\\\/02\\\/lucerna-edu.png\",\"width\":580,\"height\":170,\"caption\":\"La Lucerna S.r.l.\"},\"image\":{\"@id\":\"https:\\\/\\\/educational.lalucerna.it\\\/shop\\\/#\\\/schema\\\/logo\\\/image\\\/\"},\"sameAs\":[\"https:\\\/\\\/www.facebook.com\\\/educational.lalucerna\",\"https:\\\/\\\/www.instagram.com\\\/educational.lalucerna\\\/\"]}]}<\/script>\n<meta property=\"product:price:amount\" content=\"36.50\" \/>\n<meta property=\"product:price:currency\" content=\"EUR\" \/>\n<meta property=\"og:availability\" content=\"instock\" \/>\n<meta property=\"product:availability\" content=\"instock\" \/>\n<meta property=\"product:retailer_item_id\" content=\"54-2137\" \/>\n<meta property=\"product:condition\" content=\"new\" \/>\n<!-- \/ Yoast SEO Premium plugin. -->","yoast_head_json":{"title":"Tombola sonora dei rumori della citt\u00e0 - La Lucerna","robots":{"index":"index","follow":"follow","max-snippet":"max-snippet:-1","max-image-preview":"max-image-preview:large","max-video-preview":"max-video-preview:-1"},"canonical":"https:\/\/educational.lalucerna.it\/shop\/prodotto\/54-2137\/","og_locale":"it_IT","og_type":"article","og_title":"Tombola sonora dei rumori della citt\u00e0","og_description":"Gioco del lotto per associare delle immagini di azioni o di oggetti a determinati tipi di suono caratteristici della citt\u00e0. Obiettivi didattici: stimola l&#8217;espressione verbale; incoraggia il gioco di gruppo; stimola la sensibilit\u00e0 uditiva; favorisce le capacit\u00e0 di astrazione e associazione logica. Contenuto: 25 tessere di cartoncino &#8211; 150 fiches di plastica &#8211; valigetta &#8211; [&hellip;]","og_url":"https:\/\/educational.lalucerna.it\/shop\/prodotto\/54-2137\/","og_site_name":"La Lucerna","article_publisher":"https:\/\/www.facebook.com\/educational.lalucerna","article_modified_time":"2026-05-02T14:48:33+00:00","og_image":[{"width":1100,"height":1422,"url":"https:\/\/educational.lalucerna.it\/shop\/wp-content\/uploads\/2025\/05\/54-2137.jpg","type":"image\/jpeg"}],"twitter_card":"summary_large_image","twitter_misc":{"Prezzo":"36,50&nbsp;&euro;","Disponibilit\u00e0":"In stock"},"schema":{"@context":"https:\/\/schema.org","@graph":[{"@type":"WebPage","@id":"https:\/\/educational.lalucerna.it\/shop\/prodotto\/54-2137\/","url":"https:\/\/educational.lalucerna.it\/shop\/prodotto\/54-2137\/","name":"Tombola sonora dei rumori della citt\u00e0 - La Lucerna","isPartOf":{"@id":"https:\/\/educational.lalucerna.it\/shop\/#website"},"primaryImageOfPage":{"@id":"https:\/\/educational.lalucerna.it\/shop\/prodotto\/54-2137\/#primaryimage"},"image":{"@id":"https:\/\/educational.lalucerna.it\/shop\/prodotto\/54-2137\/#primaryimage"},"thumbnailUrl":"https:\/\/i0.wp.com\/educational.lalucerna.it\/shop\/wp-content\/uploads\/2025\/05\/54-2137.jpg?fit=1100%2C1422&ssl=1","datePublished":"2025-05-07T13:49:08+00:00","dateModified":"2026-05-02T14:48:33+00:00","breadcrumb":{"@id":"https:\/\/educational.lalucerna.it\/shop\/prodotto\/54-2137\/#breadcrumb"},"inLanguage":"it-IT","potentialAction":[{"@type":"ReadAction","target":["https:\/\/educational.lalucerna.it\/shop\/prodotto\/54-2137\/"]}]},{"@type":"ImageObject","inLanguage":"it-IT","@id":"https:\/\/educational.lalucerna.it\/shop\/prodotto\/54-2137\/#primaryimage","url":"https:\/\/i0.wp.com\/educational.lalucerna.it\/shop\/wp-content\/uploads\/2025\/05\/54-2137.jpg?fit=1100%2C1422&ssl=1","contentUrl":"https:\/\/i0.wp.com\/educational.lalucerna.it\/shop\/wp-content\/uploads\/2025\/05\/54-2137.jpg?fit=1100%2C1422&ssl=1","width":1100,"height":1422,"caption":"54 2137"},{"@type":"BreadcrumbList","@id":"https:\/\/educational.lalucerna.it\/shop\/prodotto\/54-2137\/#breadcrumb","itemListElement":[{"@type":"ListItem","position":1,"name":"Home","item":"https:\/\/educational.lalucerna.it\/shop"},{"@type":"ListItem","position":2,"name":"Prodotti","item":"https:\/\/educational.lalucerna.it\/shop\/shop\/"},{"@type":"ListItem","position":3,"name":"Tombola sonora dei rumori della citt\u00e0"}]},{"@type":"WebSite","@id":"https:\/\/educational.lalucerna.it\/shop\/#website","url":"https:\/\/educational.lalucerna.it\/shop\/","name":"La Lucerna Educational","description":"Educational eShop","publisher":{"@id":"https:\/\/educational.lalucerna.it\/shop\/#organization"},"potentialAction":[{"@type":"SearchAction","target":{"@type":"EntryPoint","urlTemplate":"https:\/\/educational.lalucerna.it\/shop\/?s={search_term_string}"},"query-input":{"@type":"PropertyValueSpecification","valueRequired":true,"valueName":"search_term_string"}}],"inLanguage":"it-IT"},{"@type":"Organization","@id":"https:\/\/educational.lalucerna.it\/shop\/#organization","name":"La Lucerna S.r.l.","url":"https:\/\/educational.lalucerna.it\/shop\/","logo":{"@type":"ImageObject","inLanguage":"it-IT","@id":"https:\/\/educational.lalucerna.it\/shop\/#\/schema\/logo\/image\/","url":"https:\/\/educational.lalucerna.it\/shop\/wp-content\/uploads\/2025\/02\/lucerna-edu.png","contentUrl":"https:\/\/educational.lalucerna.it\/shop\/wp-content\/uploads\/2025\/02\/lucerna-edu.png","width":580,"height":170,"caption":"La Lucerna S.r.l."},"image":{"@id":"https:\/\/educational.lalucerna.it\/shop\/#\/schema\/logo\/image\/"},"sameAs":["https:\/\/www.facebook.com\/educational.lalucerna","https:\/\/www.instagram.com\/educational.lalucerna\/"]}]},"product_price_amount":"36.50","product_price_currency":"EUR","og_availability":"instock","product_availability":"instock","product_retailer_item_id":"54-2137","product_condition":"new"},"_links":{"self":[{"href":"https:\/\/educational.lalucerna.it\/shop\/wp-json\/wp\/v2\/product\/10568","targetHints":{"allow":["GET"]}}],"collection":[{"href":"https:\/\/educational.lalucerna.it\/shop\/wp-json\/wp\/v2\/product"}],"about":[{"href":"https:\/\/educational.lalucerna.it\/shop\/wp-json\/wp\/v2\/types\/product"}],"wp:featuredmedia":[{"embeddable":true,"href":"https:\/\/educational.lalucerna.it\/shop\/wp-json\/wp\/v2\/media\/11918"}],"wp:attachment":[{"href":"https:\/\/educational.lalucerna.it\/shop\/wp-json\/wp\/v2\/media?parent=10568"}],"wp:term":[{"taxonomy":"product_brand","embeddable":true,"href":"https:\/\/educational.lalucerna.it\/shop\/wp-json\/wp\/v2\/product_brand?post=10568"},{"taxonomy":"product_cat","embeddable":true,"href":"https:\/\/educational.lalucerna.it\/shop\/wp-json\/wp\/v2\/product_cat?post=10568"},{"taxonomy":"product_tag","embeddable":true,"href":"https:\/\/educational.lalucerna.it\/shop\/wp-json\/wp\/v2\/product_tag?post=10568"}],"curies":[{"name":"wp","href":"https:\/\/api.w.org\/{rel}","templated":true}]}}