{"id":22133,"date":"2026-04-30T15:37:16","date_gmt":"2026-04-30T13:37:16","guid":{"rendered":"https:\/\/educational.lalucerna.it\/shop\/?post_type=product&#038;p=22133"},"modified":"2026-05-06T14:34:18","modified_gmt":"2026-05-06T12:34:18","slug":"54-18081","status":"publish","type":"product","link":"https:\/\/educational.lalucerna.it\/shop\/prodotto\/54-18081\/","title":{"rendered":"Set di forme in legno"},"content":{"rendered":"<p><span data-sheets-root=\"1\">Un generoso set di bellissime forme in legno liscio ispirate alla natura e alla scoperta. Ogni forma di tesoro \u00e8 disponibile in 3 tonalit\u00e0 di 7 colori organici che simboleggiano le caratteristiche emotive e i sensi.<br \/>\nSono disponibili due versioni di colore per funghi\/nelson e pietre\/gettoni. I tesori stimoleranno l&#8217;immaginazione, stimoleranno la logica, scopriranno la creativit\u00e0, svilupperanno la coordinazione e miglioreranno le capacit\u00e0 motorie fini. Utilizzateli per creare immagini e storie, esercitarvi a contare e ordinare, progettare schemi e sequenze.<\/span><\/p>\n","protected":false},"excerpt":{"rendered":"<p>Un generoso set di bellissime forme in legno liscio ispirate alla natura e alla scoperta. Ogni forma di tesoro \u00e8 disponibile in 3 tonalit\u00e0 di 7 colori organici che simboleggiano le caratteristiche emotive e i sensi. Sono disponibili due versioni di colore per funghi\/nelson e pietre\/gettoni. I tesori stimoleranno l&#8217;immaginazione, stimoleranno la logica, scopriranno la [&hellip;]<\/p>\n","protected":false},"featured_media":22134,"template":"","meta":{"_acf_changed":false},"product_brand":[],"product_cat":[252,229,245,279,15],"product_tag":[],"class_list":{"0":"post-22133","1":"product","2":"type-product","3":"status-publish","4":"has-post-thumbnail","6":"product_cat-creativita-manuale","7":"product_cat-didattica-ludica","8":"product_cat-emozioni-e-abilita-sociali","9":"product_cat-motricita-fine","10":"product_cat-strumenti-didattici","11":"simple","12":"strumenti-didattici","13":"creativita-manuale","14":"didattica-ludica","15":"emozioni-e-abilita-sociali","16":"motricita-fine","18":"first","19":"instock","20":"shipping-taxable","21":"purchasable","22":"product-type-simple"},"acf":[],"yoast_head":"<!-- This site is optimized with the Yoast SEO Premium plugin v25.9 (Yoast SEO v27.5) - https:\/\/yoast.com\/product\/yoast-seo-premium-wordpress\/ -->\n<title>Set di forme in legno: Creativit\u00e0 e Immaginazione - La Lucerna<\/title>\n<meta name=\"description\" content=\"Arricchisci il gioco con il set di forme in legno liscio. Ogni forma \u00e8 un tesoro da scoprire, ideale per stimolare la creativit\u00e0!\" \/>\n<meta name=\"robots\" content=\"index, follow, max-snippet:-1, max-image-preview:large, max-video-preview:-1\" \/>\n<link rel=\"canonical\" href=\"https:\/\/educational.lalucerna.it\/shop\/prodotto\/54-18081\/\" \/>\n<meta property=\"og:locale\" content=\"it_IT\" \/>\n<meta property=\"og:type\" content=\"article\" \/>\n<meta property=\"og:title\" content=\"Set di forme in legno\" \/>\n<meta property=\"og:description\" content=\"Arricchisci il gioco con il set di forme in legno liscio. Ogni forma \u00e8 un tesoro da scoprire, ideale per stimolare la creativit\u00e0!\" \/>\n<meta property=\"og:url\" content=\"https:\/\/educational.lalucerna.it\/shop\/prodotto\/54-18081\/\" \/>\n<meta property=\"og:site_name\" content=\"La Lucerna\" \/>\n<meta property=\"article:publisher\" content=\"https:\/\/www.facebook.com\/educational.lalucerna\" \/>\n<meta property=\"article:modified_time\" content=\"2026-05-06T12:34:18+00:00\" \/>\n<meta property=\"og:image\" content=\"https:\/\/educational.lalucerna.it\/shop\/wp-content\/uploads\/2026\/04\/rsz_188f5d872746431f96ed0b810f9c4de3.png\" \/>\n\t<meta property=\"og:image:width\" content=\"400\" \/>\n\t<meta property=\"og:image:height\" content=\"400\" \/>\n\t<meta property=\"og:image:type\" content=\"image\/png\" \/>\n<meta name=\"twitter:card\" content=\"summary_large_image\" \/>\n<meta name=\"twitter:label1\" content=\"Prezzo\" \/>\n\t<meta name=\"twitter:data1\" content=\"190,00&nbsp;&euro;\" \/>\n\t<meta name=\"twitter:label2\" content=\"Disponibilit\u00e0\" \/>\n\t<meta name=\"twitter:data2\" content=\"In stock\" \/>\n<script type=\"application\/ld+json\" class=\"yoast-schema-graph\">{\"@context\":\"https:\\\/\\\/schema.org\",\"@graph\":[{\"@type\":\"WebPage\",\"@id\":\"https:\\\/\\\/educational.lalucerna.it\\\/shop\\\/prodotto\\\/54-18081\\\/\",\"url\":\"https:\\\/\\\/educational.lalucerna.it\\\/shop\\\/prodotto\\\/54-18081\\\/\",\"name\":\"Set di forme in legno: Creativit\u00e0 e Immaginazione - La Lucerna\",\"isPartOf\":{\"@id\":\"https:\\\/\\\/educational.lalucerna.it\\\/shop\\\/#website\"},\"primaryImageOfPage\":{\"@id\":\"https:\\\/\\\/educational.lalucerna.it\\\/shop\\\/prodotto\\\/54-18081\\\/#primaryimage\"},\"image\":{\"@id\":\"https:\\\/\\\/educational.lalucerna.it\\\/shop\\\/prodotto\\\/54-18081\\\/#primaryimage\"},\"thumbnailUrl\":\"https:\\\/\\\/i0.wp.com\\\/educational.lalucerna.it\\\/shop\\\/wp-content\\\/uploads\\\/2026\\\/04\\\/rsz_188f5d872746431f96ed0b810f9c4de3.png?fit=400%2C400&ssl=1\",\"datePublished\":\"2026-04-30T13:37:16+00:00\",\"dateModified\":\"2026-05-06T12:34:18+00:00\",\"description\":\"Arricchisci il gioco con il set di forme in legno liscio. Ogni forma \u00e8 un tesoro da scoprire, ideale per stimolare la creativit\u00e0!\",\"breadcrumb\":{\"@id\":\"https:\\\/\\\/educational.lalucerna.it\\\/shop\\\/prodotto\\\/54-18081\\\/#breadcrumb\"},\"inLanguage\":\"it-IT\",\"potentialAction\":[{\"@type\":\"ReadAction\",\"target\":[\"https:\\\/\\\/educational.lalucerna.it\\\/shop\\\/prodotto\\\/54-18081\\\/\"]}]},{\"@type\":\"ImageObject\",\"inLanguage\":\"it-IT\",\"@id\":\"https:\\\/\\\/educational.lalucerna.it\\\/shop\\\/prodotto\\\/54-18081\\\/#primaryimage\",\"url\":\"https:\\\/\\\/i0.wp.com\\\/educational.lalucerna.it\\\/shop\\\/wp-content\\\/uploads\\\/2026\\\/04\\\/rsz_188f5d872746431f96ed0b810f9c4de3.png?fit=400%2C400&ssl=1\",\"contentUrl\":\"https:\\\/\\\/i0.wp.com\\\/educational.lalucerna.it\\\/shop\\\/wp-content\\\/uploads\\\/2026\\\/04\\\/rsz_188f5d872746431f96ed0b810f9c4de3.png?fit=400%2C400&ssl=1\",\"width\":400,\"height\":400,\"caption\":\"Rsz 188f5d872746431f96ed0b810f9c4de3\"},{\"@type\":\"BreadcrumbList\",\"@id\":\"https:\\\/\\\/educational.lalucerna.it\\\/shop\\\/prodotto\\\/54-18081\\\/#breadcrumb\",\"itemListElement\":[{\"@type\":\"ListItem\",\"position\":1,\"name\":\"Home\",\"item\":\"https:\\\/\\\/educational.lalucerna.it\\\/shop\"},{\"@type\":\"ListItem\",\"position\":2,\"name\":\"Prodotti\",\"item\":\"https:\\\/\\\/educational.lalucerna.it\\\/shop\\\/shop\\\/\"},{\"@type\":\"ListItem\",\"position\":3,\"name\":\"Set di forme in legno\"}]},{\"@type\":\"WebSite\",\"@id\":\"https:\\\/\\\/educational.lalucerna.it\\\/shop\\\/#website\",\"url\":\"https:\\\/\\\/educational.lalucerna.it\\\/shop\\\/\",\"name\":\"La Lucerna Educational\",\"description\":\"Educational eShop\",\"publisher\":{\"@id\":\"https:\\\/\\\/educational.lalucerna.it\\\/shop\\\/#organization\"},\"potentialAction\":[{\"@type\":\"SearchAction\",\"target\":{\"@type\":\"EntryPoint\",\"urlTemplate\":\"https:\\\/\\\/educational.lalucerna.it\\\/shop\\\/?s={search_term_string}\"},\"query-input\":{\"@type\":\"PropertyValueSpecification\",\"valueRequired\":true,\"valueName\":\"search_term_string\"}}],\"inLanguage\":\"it-IT\"},{\"@type\":\"Organization\",\"@id\":\"https:\\\/\\\/educational.lalucerna.it\\\/shop\\\/#organization\",\"name\":\"La Lucerna S.r.l.\",\"url\":\"https:\\\/\\\/educational.lalucerna.it\\\/shop\\\/\",\"logo\":{\"@type\":\"ImageObject\",\"inLanguage\":\"it-IT\",\"@id\":\"https:\\\/\\\/educational.lalucerna.it\\\/shop\\\/#\\\/schema\\\/logo\\\/image\\\/\",\"url\":\"https:\\\/\\\/educational.lalucerna.it\\\/shop\\\/wp-content\\\/uploads\\\/2025\\\/02\\\/lucerna-edu.png\",\"contentUrl\":\"https:\\\/\\\/educational.lalucerna.it\\\/shop\\\/wp-content\\\/uploads\\\/2025\\\/02\\\/lucerna-edu.png\",\"width\":580,\"height\":170,\"caption\":\"La Lucerna S.r.l.\"},\"image\":{\"@id\":\"https:\\\/\\\/educational.lalucerna.it\\\/shop\\\/#\\\/schema\\\/logo\\\/image\\\/\"},\"sameAs\":[\"https:\\\/\\\/www.facebook.com\\\/educational.lalucerna\",\"https:\\\/\\\/www.instagram.com\\\/educational.lalucerna\\\/\"]}]}<\/script>\n<meta property=\"product:price:amount\" content=\"190.00\" \/>\n<meta property=\"product:price:currency\" content=\"EUR\" \/>\n<meta property=\"og:availability\" content=\"instock\" \/>\n<meta property=\"product:availability\" content=\"instock\" \/>\n<meta property=\"product:retailer_item_id\" content=\"54-18081\" \/>\n<meta property=\"product:condition\" content=\"new\" \/>\n<!-- \/ Yoast SEO Premium plugin. -->","yoast_head_json":{"title":"Set di forme in legno: Creativit\u00e0 e Immaginazione - La Lucerna","description":"Arricchisci il gioco con il set di forme in legno liscio. Ogni forma \u00e8 un tesoro da scoprire, ideale per stimolare la creativit\u00e0!","robots":{"index":"index","follow":"follow","max-snippet":"max-snippet:-1","max-image-preview":"max-image-preview:large","max-video-preview":"max-video-preview:-1"},"canonical":"https:\/\/educational.lalucerna.it\/shop\/prodotto\/54-18081\/","og_locale":"it_IT","og_type":"article","og_title":"Set di forme in legno","og_description":"Arricchisci il gioco con il set di forme in legno liscio. Ogni forma \u00e8 un tesoro da scoprire, ideale per stimolare la creativit\u00e0!","og_url":"https:\/\/educational.lalucerna.it\/shop\/prodotto\/54-18081\/","og_site_name":"La Lucerna","article_publisher":"https:\/\/www.facebook.com\/educational.lalucerna","article_modified_time":"2026-05-06T12:34:18+00:00","og_image":[{"width":400,"height":400,"url":"https:\/\/educational.lalucerna.it\/shop\/wp-content\/uploads\/2026\/04\/rsz_188f5d872746431f96ed0b810f9c4de3.png","type":"image\/png"}],"twitter_card":"summary_large_image","twitter_misc":{"Prezzo":"190,00&nbsp;&euro;","Disponibilit\u00e0":"In stock"},"schema":{"@context":"https:\/\/schema.org","@graph":[{"@type":"WebPage","@id":"https:\/\/educational.lalucerna.it\/shop\/prodotto\/54-18081\/","url":"https:\/\/educational.lalucerna.it\/shop\/prodotto\/54-18081\/","name":"Set di forme in legno: Creativit\u00e0 e Immaginazione - La Lucerna","isPartOf":{"@id":"https:\/\/educational.lalucerna.it\/shop\/#website"},"primaryImageOfPage":{"@id":"https:\/\/educational.lalucerna.it\/shop\/prodotto\/54-18081\/#primaryimage"},"image":{"@id":"https:\/\/educational.lalucerna.it\/shop\/prodotto\/54-18081\/#primaryimage"},"thumbnailUrl":"https:\/\/i0.wp.com\/educational.lalucerna.it\/shop\/wp-content\/uploads\/2026\/04\/rsz_188f5d872746431f96ed0b810f9c4de3.png?fit=400%2C400&ssl=1","datePublished":"2026-04-30T13:37:16+00:00","dateModified":"2026-05-06T12:34:18+00:00","description":"Arricchisci il gioco con il set di forme in legno liscio. Ogni forma \u00e8 un tesoro da scoprire, ideale per stimolare la creativit\u00e0!","breadcrumb":{"@id":"https:\/\/educational.lalucerna.it\/shop\/prodotto\/54-18081\/#breadcrumb"},"inLanguage":"it-IT","potentialAction":[{"@type":"ReadAction","target":["https:\/\/educational.lalucerna.it\/shop\/prodotto\/54-18081\/"]}]},{"@type":"ImageObject","inLanguage":"it-IT","@id":"https:\/\/educational.lalucerna.it\/shop\/prodotto\/54-18081\/#primaryimage","url":"https:\/\/i0.wp.com\/educational.lalucerna.it\/shop\/wp-content\/uploads\/2026\/04\/rsz_188f5d872746431f96ed0b810f9c4de3.png?fit=400%2C400&ssl=1","contentUrl":"https:\/\/i0.wp.com\/educational.lalucerna.it\/shop\/wp-content\/uploads\/2026\/04\/rsz_188f5d872746431f96ed0b810f9c4de3.png?fit=400%2C400&ssl=1","width":400,"height":400,"caption":"Rsz 188f5d872746431f96ed0b810f9c4de3"},{"@type":"BreadcrumbList","@id":"https:\/\/educational.lalucerna.it\/shop\/prodotto\/54-18081\/#breadcrumb","itemListElement":[{"@type":"ListItem","position":1,"name":"Home","item":"https:\/\/educational.lalucerna.it\/shop"},{"@type":"ListItem","position":2,"name":"Prodotti","item":"https:\/\/educational.lalucerna.it\/shop\/shop\/"},{"@type":"ListItem","position":3,"name":"Set di forme in legno"}]},{"@type":"WebSite","@id":"https:\/\/educational.lalucerna.it\/shop\/#website","url":"https:\/\/educational.lalucerna.it\/shop\/","name":"La Lucerna Educational","description":"Educational eShop","publisher":{"@id":"https:\/\/educational.lalucerna.it\/shop\/#organization"},"potentialAction":[{"@type":"SearchAction","target":{"@type":"EntryPoint","urlTemplate":"https:\/\/educational.lalucerna.it\/shop\/?s={search_term_string}"},"query-input":{"@type":"PropertyValueSpecification","valueRequired":true,"valueName":"search_term_string"}}],"inLanguage":"it-IT"},{"@type":"Organization","@id":"https:\/\/educational.lalucerna.it\/shop\/#organization","name":"La Lucerna S.r.l.","url":"https:\/\/educational.lalucerna.it\/shop\/","logo":{"@type":"ImageObject","inLanguage":"it-IT","@id":"https:\/\/educational.lalucerna.it\/shop\/#\/schema\/logo\/image\/","url":"https:\/\/educational.lalucerna.it\/shop\/wp-content\/uploads\/2025\/02\/lucerna-edu.png","contentUrl":"https:\/\/educational.lalucerna.it\/shop\/wp-content\/uploads\/2025\/02\/lucerna-edu.png","width":580,"height":170,"caption":"La Lucerna S.r.l."},"image":{"@id":"https:\/\/educational.lalucerna.it\/shop\/#\/schema\/logo\/image\/"},"sameAs":["https:\/\/www.facebook.com\/educational.lalucerna","https:\/\/www.instagram.com\/educational.lalucerna\/"]}]},"product_price_amount":"190.00","product_price_currency":"EUR","og_availability":"instock","product_availability":"instock","product_retailer_item_id":"54-18081","product_condition":"new"},"_links":{"self":[{"href":"https:\/\/educational.lalucerna.it\/shop\/wp-json\/wp\/v2\/product\/22133","targetHints":{"allow":["GET"]}}],"collection":[{"href":"https:\/\/educational.lalucerna.it\/shop\/wp-json\/wp\/v2\/product"}],"about":[{"href":"https:\/\/educational.lalucerna.it\/shop\/wp-json\/wp\/v2\/types\/product"}],"wp:featuredmedia":[{"embeddable":true,"href":"https:\/\/educational.lalucerna.it\/shop\/wp-json\/wp\/v2\/media\/22134"}],"wp:attachment":[{"href":"https:\/\/educational.lalucerna.it\/shop\/wp-json\/wp\/v2\/media?parent=22133"}],"wp:term":[{"taxonomy":"product_brand","embeddable":true,"href":"https:\/\/educational.lalucerna.it\/shop\/wp-json\/wp\/v2\/product_brand?post=22133"},{"taxonomy":"product_cat","embeddable":true,"href":"https:\/\/educational.lalucerna.it\/shop\/wp-json\/wp\/v2\/product_cat?post=22133"},{"taxonomy":"product_tag","embeddable":true,"href":"https:\/\/educational.lalucerna.it\/shop\/wp-json\/wp\/v2\/product_tag?post=22133"}],"curies":[{"name":"wp","href":"https:\/\/api.w.org\/{rel}","templated":true}]}}